{"id":18963,"date":"2021-07-01T10:55:45","date_gmt":"2021-07-01T07:55:45","guid":{"rendered":"https:\/\/mnlr.ro\/?page_id=18963"},"modified":"2023-10-01T14:02:24","modified_gmt":"2023-10-01T11:02:24","slug":"mnlr-hub-grivitei","status":"publish","type":"page","link":"https:\/\/mnlr.ro\/en\/mnlr-hub-grivitei\/","title":{"rendered":"MNLR office in Calea Grivi\u021bei 64-66"},"content":{"rendered":"<div class=\"vc_row wpb_row vc_row-fluid\"><div class=\"wpb_column vc_column_container vc_col-sm-12\"><div class=\"vc_column-inner\"><div class=\"wpb_wrapper\">\n\t<div class=\"wpb_text_column wpb_content_element\" >\n\t\t<div class=\"wpb_wrapper\">\n\t\t\t<p><strong>For English, please scroll down.<\/strong><\/p>\n<p>Cl\u0103direa care ad\u0103poste\u0219te sediul Muzeului Na\u021bional al Literaturii Rom\u00e2ne din Calea Grivi\u021bei 64-66 a fost proiectat\u0103 \u0219i construit\u0103 \u00een anul 1935, iar \u00een acest spa\u021biu generos \u00ee\u0219i desf\u0103\u0219oar\u0103 activitatea toate departamentele din cadrul MNLR: Sec\u021bia <em>Patrimony<\/em> (etaj I), Departamentul <em>Programe \u0219i Educa\u021bie Muzeal\u0103<\/em>, Biroul <em>Rela\u021bii Publice-Marketing<\/em>, <em>Secretariat<\/em> (etaj IV) \u0219i <em>Publishing House of the Museum of Romanian Literature<\/em>. De asemenea, la parterul cl\u0103dirii se afl\u0103 libr\u0103ria <a href=\"https:\/\/edituramnlr.ro\/\"><strong>Editurii MLR<\/strong><\/a>, dar \u0219i trei spa\u021bii destinate organiz\u0103rii de <strong><a href=\"https:\/\/mnlr.ro\/en\/expozitii\/expozitii-temporare\/\">expozi\u021bii temporare<\/a>.<\/strong> Etajul al II-lea este destinat <strong>Colec\u021biilor MNLR.<\/strong><\/p>\n<p>Tot aici, la parterul cl\u0103dirii exist\u0103 spa\u021bii dedicate expozi\u021biilor temporare sau itinerante (Sala \u201eAlexandru Oprea\u201d, Sala \u201ePetru Cre\u021bia\u201d \u0219i Sala \u201eAlexandru Condeescu\u201d), realizate de MNLR, dar \u0219i \u00een parteneriat cu alte muzee, institu\u021bii culturale sau arti\u0219ti plastici din \u021bar\u0103 sau din str\u0103in\u0103tate. De la deschiderea muzeului, aceste spa\u021bii au g\u0103zduit zeci de expozi\u021bii, unele dintre ele cu participare \u0219i cooperare interna\u021bional\u0103, a\u0219a cum au fost Bienala Interna\u021bional\u0103 de Carte Obiect (2018), expozi\u021bia de grup Confluen\u021be\/ Confluences (2018), \u00een cadrul Festivalului Capitalelor Na\u021biunilor Centenare \u2013 FCNC, <em>Gherasim Luca \u2013 Erou limit\u0103<\/em> (2019), \u00een colaborare cu Centre Pompidou \u0219i Jeu de Paume, <em>Genica Athanasiou \u2013 Muz\u0103 \u0219i partener\u0103 a lui Antonin Artaud<\/em> (2019), \u00een parteneriat cu Institutul Cultural Francez, Bienala Interna\u021bional\u0103 de Gravur\u0103 &#8211; BIPB 2019, <em>Celan 100 \u2013 Printre cuvinte<\/em>, \u00een parteneriat cu Ministerului Federal al Afacerilor Europene \u015fi Interna\u021bionale al Republicii Austria, prin Forumul Cultural Austriac sau, cea mai recent\u0103, expozi\u021bia-eveniment <em>Celebrit\u0103\u021bi din lumea plutitoare<\/em>, realizat\u0103 \u00een colaborarea cu Ambasada Japoniei, poate cel mai important eveniment cultural la nivel na\u021bional, \u00eentr-un an marcat \u00eenc\u0103 de criza pandemic\u0103, prin expunerea a 200 de stampe japoneze din colec\u021bia UKYO-E George \u0218erban, expozi\u021bie care s-a bucurat de un num\u0103r impresionat de vizitatori.<\/p>\n<p>***<\/p>\n<p>The Grivi\u021bei building was designed and built in the year 1935. Today, the spacious building houses all of the National Museum of Romanian Literature\u2019s departments. The Heritage department on the 1st floor, including Museum Programs and Education and the Public Relations office. Marketing and Administration are on the 4th floor along with Muzeul Literaturii Rom\u00e2ne publishing house (MLR). The 2nd floor is dedicated to the NMRL Collections. The ground floor contains the MLR publishing house bookstore, as well as three temporary or travelling exhibition spaces (Alexandru Oprea Room, Petru Cre\u021bia Room, and Alexandru Condeescu Rome), created by NMRL in partnership with other museums, cultural and visual arts institutions from Romania and abroad. Since the museum\u2019s opening, these spaces have hosted dozens of exhibitions, which included international collaborations, such as the Book Object International Biennale (2018), group exhibition for the Festival of Centennial Nations\u2019 Capitals, <em>Confluen\u021be \/ Confluences<\/em> (2018),<em> Gherasim Luca \u2013 Hero Limit<\/em> (2019), in collaboration Centre Pompidou and Jeu de Paume; <em>Genica Athanasiou \u2013 Antonin Artaud\u2019s Muse and Companion<\/em> (2019), in partnership with the French Cultural Institute, the Bucharest International Print Biennale (BIPB, 2019), <em>Celan 100 \u2013 Between Words<\/em>, in partnership with the Federal Ministry of European and International Affairs of the Austrian Republic through the Austrian Cultural Forum, and, more recently, the exhibition-event <em>Celebrities of the Floating World<\/em>, made in collaboration with the Japanese Embassy, perhaps the largest cultural event in the country, still reeling from the pandemic. The exhibition of 200 Japanese engravings drew a large number of visitors.<\/p>\n\n\t\t<\/div>\n\t<\/div>\n<\/div><\/div><\/div><\/div>","protected":false},"excerpt":{"rendered":"For English, please scroll down. Cl\u0103direa care ad\u0103poste\u0219te sediul Muzeului Na\u021bional al Literaturii Rom\u00e2ne din Calea Grivi\u021bei 64-66 a fost...","protected":false},"author":9,"featured_media":18971,"parent":0,"menu_order":0,"comment_status":"closed","ping_status":"closed","template":"","meta":{"_exactmetrics_skip_tracking":false,"_exactmetrics_sitenote_active":false,"_exactmetrics_sitenote_note":"","_exactmetrics_sitenote_category":0,"footnotes":""},"class_list":["post-18963","page","type-page","status-publish","has-post-thumbnail","hentry"],"_links":{"self":[{"href":"https:\/\/mnlr.ro\/en\/wp-json\/wp\/v2\/pages\/18963","targetHints":{"allow":["GET"]}}],"collection":[{"href":"https:\/\/mnlr.ro\/en\/wp-json\/wp\/v2\/pages"}],"about":[{"href":"https:\/\/mnlr.ro\/en\/wp-json\/wp\/v2\/types\/page"}],"author":[{"embeddable":true,"href":"https:\/\/mnlr.ro\/en\/wp-json\/wp\/v2\/users\/9"}],"replies":[{"embeddable":true,"href":"https:\/\/mnlr.ro\/en\/wp-json\/wp\/v2\/comments?post=18963"}],"version-history":[{"count":8,"href":"https:\/\/mnlr.ro\/en\/wp-json\/wp\/v2\/pages\/18963\/revisions"}],"predecessor-version":[{"id":29517,"href":"https:\/\/mnlr.ro\/en\/wp-json\/wp\/v2\/pages\/18963\/revisions\/29517"}],"wp:featuredmedia":[{"embeddable":true,"href":"https:\/\/mnlr.ro\/en\/wp-json\/wp\/v2\/media\/18971"}],"wp:attachment":[{"href":"https:\/\/mnlr.ro\/en\/wp-json\/wp\/v2\/media?parent=18963"}],"curies":[{"name":"wp","href":"https:\/\/api.w.org\/{rel}","templated":true}]}}