{"id":197,"date":"2017-06-07T18:18:54","date_gmt":"2017-06-07T15:18:54","guid":{"rendered":"http:\/\/localhost\/mnlr\/?page_id=197"},"modified":"2020-10-08T14:02:19","modified_gmt":"2020-10-08T11:02:19","slug":"mihai-eminescu","status":"publish","type":"page","link":"https:\/\/mnlr.ro\/en\/muzeul-digital\/mihai-eminescu\/","title":{"rendered":"Mihai Eminescu"},"content":{"rendered":"<p>Mihai Eminescu a fost socotit de cititorii rom\u00e2ni \u0219i de critica literar\u0103 postum\u0103 drept cea mai important\u0103 voce poetic\u0103 din literatura rom\u00e2n\u0103. Receptiv la romantismele europene de secol XVIII \u0219i XIX, \u0219i-a asimilat viziunile poetice occidentale, crea\u021bia sa apar\u021bin\u00e2nd unui romantism literar relativ \u00eent\u00e2rziat. \u00cen momentul \u00een care Mihai Eminescu a recuperat temele tradi\u021bionale ale romantismului european, gustul pentru trecut \u0219i pasiunea pentru istoria na\u021bional\u0103, nostalgia regresiv\u0103 pentru copil\u0103rie, melancolia \u0219i cultivarea st\u0103rilor depresive, \u00eentoarcerea \u00een natur\u0103, poezia european\u0103 descoperea paradigma modernismului, prin Charles Baudelaire sau St\u00e9phane Mallarm\u00e9.<\/p>\n<p>Opera sa poetic\u0103 este influen\u021bat\u0103 de marile sisteme filosofice ale epocii sale, de filosofia antic\u0103, de la Heraclit la Platon, de marile sisteme de g\u00e2ndire ale romantismului, de teoriile lui Arthur Schopenhauer, Immanuel Kant \u0219i de teoriile lui Hegel.<\/p>","protected":false},"excerpt":{"rendered":"<p>Mihai Eminescu a fost socotit de cititorii rom\u00e2ni \u0219i de critica literar\u0103 postum\u0103 drept cea mai important\u0103 voce poetic\u0103 din&#8230;<\/p>","protected":false},"author":1,"featured_media":316,"parent":140,"menu_order":0,"comment_status":"closed","ping_status":"closed","template":"template-autor.php","meta":{"_exactmetrics_skip_tracking":false,"_exactmetrics_sitenote_active":false,"_exactmetrics_sitenote_note":"","_exactmetrics_sitenote_category":0,"footnotes":""},"class_list":["post-197","page","type-page","status-publish","has-post-thumbnail","hentry"],"_links":{"self":[{"href":"https:\/\/mnlr.ro\/en\/wp-json\/wp\/v2\/pages\/197","targetHints":{"allow":["GET"]}}],"collection":[{"href":"https:\/\/mnlr.ro\/en\/wp-json\/wp\/v2\/pages"}],"about":[{"href":"https:\/\/mnlr.ro\/en\/wp-json\/wp\/v2\/types\/page"}],"author":[{"embeddable":true,"href":"https:\/\/mnlr.ro\/en\/wp-json\/wp\/v2\/users\/1"}],"replies":[{"embeddable":true,"href":"https:\/\/mnlr.ro\/en\/wp-json\/wp\/v2\/comments?post=197"}],"version-history":[{"count":4,"href":"https:\/\/mnlr.ro\/en\/wp-json\/wp\/v2\/pages\/197\/revisions"}],"predecessor-version":[{"id":14696,"href":"https:\/\/mnlr.ro\/en\/wp-json\/wp\/v2\/pages\/197\/revisions\/14696"}],"up":[{"embeddable":true,"href":"https:\/\/mnlr.ro\/en\/wp-json\/wp\/v2\/pages\/140"}],"wp:featuredmedia":[{"embeddable":true,"href":"https:\/\/mnlr.ro\/en\/wp-json\/wp\/v2\/media\/316"}],"wp:attachment":[{"href":"https:\/\/mnlr.ro\/en\/wp-json\/wp\/v2\/media?parent=197"}],"curies":[{"name":"wp","href":"https:\/\/api.w.org\/{rel}","templated":true}]}}