{"id":31884,"date":"2024-05-28T17:44:21","date_gmt":"2024-05-28T14:44:21","guid":{"rendered":"https:\/\/mnlr.ro\/?page_id=31884"},"modified":"2024-05-28T18:03:52","modified_gmt":"2024-05-28T15:03:52","slug":"centrul-de-benzi-desenate","status":"publish","type":"page","link":"https:\/\/mnlr.ro\/en\/centrul-de-benzi-desenate\/","title":{"rendered":"Centrul de benzi desenate"},"content":{"rendered":"<div class=\"vc_row wpb_row vc_row-fluid\"><div class=\"wpb_column vc_column_container vc_col-sm-12\"><div class=\"vc_column-inner\"><div class=\"wpb_wrapper\">\n\t<div  class=\"wpb_single_image wpb_content_element vc_align_center\">\n\t\t\n\t\t<figure class=\"wpb_wrapper vc_figure\">\n\t\t\t<div class=\"vc_single_image-wrapper   vc_box_border_grey\"><img loading=\"lazy\" decoding=\"async\" width=\"1653\" height=\"589\" src=\"https:\/\/mnlr.ro\/wp-content\/uploads\/2024\/05\/p1-min.jpg\" class=\"vc_single_image-img attachment-full\" alt=\"\" srcset=\"https:\/\/mnlr.ro\/wp-content\/uploads\/2024\/05\/p1-min.jpg 1653w, https:\/\/mnlr.ro\/wp-content\/uploads\/2024\/05\/p1-min-500x178.jpg 500w, https:\/\/mnlr.ro\/wp-content\/uploads\/2024\/05\/p1-min-1600x570.jpg 1600w, https:\/\/mnlr.ro\/wp-content\/uploads\/2024\/05\/p1-min-768x274.jpg 768w, https:\/\/mnlr.ro\/wp-content\/uploads\/2024\/05\/p1-min-1536x547.jpg 1536w, https:\/\/mnlr.ro\/wp-content\/uploads\/2024\/05\/p1-min-18x6.jpg 18w\" sizes=\"auto, (max-width: 1653px) 100vw, 1653px\" \/><\/div>\n\t\t<\/figure>\n\t<\/div>\n<h2 style=\"font-size: 30px;text-align: center\" class=\"vc_custom_heading\" >CENTRUL DE EDUCA\u021aIE \u0218I FORMARE PRIN BENZI DESENATE<\/h2>\n\t<div class=\"wpb_text_column wpb_content_element\" >\n\t\t<div class=\"wpb_wrapper\">\n\t\t\t<p><strong>Centrul de Educatie \u0219i Formare prin Benzi Desenate<\/strong> reprezint\u0103 un demers inovator lansat \u00een premier\u0103 \u00een Rom\u00e2nia de c\u0103tre autorul si profesorul de benzi desenate Mihai I. Gr\u0103jdeanu sub egida Muzeului Na\u021bional al Literaturii Rom\u00e2ne \u00een anul 2023. Acesta include conceptul de \u0219coal\u0103 de benzi desenate European School of Comics cu\u00a0materiale de \u00eenv\u0103\u021bare, predare \u0219i evaluare, o bibliotec\u0103 cu benzi desenate\u00a0Comics Didactic, precum \u0219i un laborator de cercetare care studieza rolul, impactul \u0219i evolu\u021bia folosirii benzii desenate \u00een educa\u021bie. Centrul organizeaza ateliere, cursuri de formare, expozi\u021bii de benzi desenate, lans\u0103ri, concursuri, conferin\u021be \u0219i dezbateri. <strong>Informa\u021bii pentru \u00eenscrieri pot fi solicitate la adresa de email: educatiebd@gmail.com.<\/strong><\/p>\n\n\t\t<\/div>\n\t<\/div>\n<\/div><\/div><\/div><\/div><div class=\"vc_row wpb_row vc_row-fluid\"><div class=\"wpb_column vc_column_container vc_col-sm-12\"><div class=\"vc_column-inner\"><div class=\"wpb_wrapper\">\n\t<div  class=\"wpb_single_image wpb_content_element vc_align_center\">\n\t\t\n\t\t<figure class=\"wpb_wrapper vc_figure\">\n\t\t\t<div class=\"vc_single_image-wrapper   vc_box_border_grey\"><img loading=\"lazy\" decoding=\"async\" width=\"1240\" height=\"746\" src=\"https:\/\/mnlr.ro\/wp-content\/uploads\/2024\/05\/p2-min.jpg\" class=\"vc_single_image-img attachment-full\" alt=\"\" srcset=\"https:\/\/mnlr.ro\/wp-content\/uploads\/2024\/05\/p2-min.jpg 1240w, https:\/\/mnlr.ro\/wp-content\/uploads\/2024\/05\/p2-min-500x301.jpg 500w, https:\/\/mnlr.ro\/wp-content\/uploads\/2024\/05\/p2-min-768x462.jpg 768w, https:\/\/mnlr.ro\/wp-content\/uploads\/2024\/05\/p2-min-18x12.jpg 18w\" sizes=\"auto, (max-width: 1240px) 100vw, 1240px\" \/><\/div>\n\t\t<\/figure>\n\t<\/div>\n<h2 style=\"font-size: 30px;text-align: center\" class=\"vc_custom_heading\" >PROGRAMA EUROPEAN SCHOOL OF COMICS<\/h2>\n\t<div class=\"wpb_text_column wpb_content_element\" >\n\t\t<div class=\"wpb_wrapper\">\n\t\t\t<p>\u00cen programa \u0219colii, se reg\u0103sesc ateliere \u0219i cursuri modulare de benzi desenate, unde elevii descoper\u0103 o modalitate excelent\u0103 de a aplica textul multimodal de la \u0219coal\u0103 pentru a promova scrierea creativ\u0103 \u0219i comunicarea. La ateliere se dezbat subiecte din literatur\u0103 \u0219i nu numai, prin metoda B.D.A.\u0218. (Banda Desenat\u0103 Aplicat\u0103 la \u0218coal\u0103). Cursurile modulare sunt structurate pe tematici diferite astfel \u00eenc\u00e2t parcurgerea lor s\u0103 se realizeze treptat, s\u0103 stimuleze creativitatea, dar \u0219i starea de bine \u0219i satisfac\u021bie personal \u00eentr-un mediu \u00een care s\u0103 se simt\u0103 \u00eencrez\u0103tori \u0219i inspira\u021bi pentru a-si atinge poten\u021bialul \u0219i dezvolta abilit\u0103\u021bile creative. Totodat\u0103 sunt explorate beneficiile utiliz\u0103rii tabletelor grafice \u00een crearea benzilor desenate, eviden\u021biind rolul lor \u00een dezvoltarea competen\u021belor digitale \u0219i \u00een construirea unei cariere \u00een diverse domenii ale artei vizuale. \u00cen cadrul cursurilor sunt invita\u021bi arti\u0219ti cu expertiz\u0103 \u00een diferite domenii: scriitori, regizori, pictori, designeri, arhitec\u021bi \u0219i al\u021bii.<\/p>\n\n\t\t<\/div>\n\t<\/div>\n<\/div><\/div><\/div><\/div><div class=\"vc_row wpb_row vc_row-fluid\"><div class=\"wpb_column vc_column_container vc_col-sm-12\"><div class=\"vc_column-inner\"><div class=\"wpb_wrapper\">\n\t<div  class=\"wpb_single_image wpb_content_element vc_align_center\">\n\t\t\n\t\t<figure class=\"wpb_wrapper vc_figure\">\n\t\t\t<div class=\"vc_single_image-wrapper   vc_box_border_grey\"><img loading=\"lazy\" decoding=\"async\" width=\"1000\" height=\"484\" src=\"https:\/\/mnlr.ro\/wp-content\/uploads\/2024\/05\/p3-min.jpg\" class=\"vc_single_image-img attachment-full\" alt=\"\" srcset=\"https:\/\/mnlr.ro\/wp-content\/uploads\/2024\/05\/p3-min.jpg 1000w, https:\/\/mnlr.ro\/wp-content\/uploads\/2024\/05\/p3-min-500x242.jpg 500w, https:\/\/mnlr.ro\/wp-content\/uploads\/2024\/05\/p3-min-768x372.jpg 768w, https:\/\/mnlr.ro\/wp-content\/uploads\/2024\/05\/p3-min-18x9.jpg 18w\" sizes=\"auto, (max-width: 1000px) 100vw, 1000px\" \/><\/div>\n\t\t<\/figure>\n\t<\/div>\n<h2 style=\"font-size: 30px;text-align: center\" class=\"vc_custom_heading\" >\u00ceNSCRIERI<\/h2>\n\t<div class=\"wpb_text_column wpb_content_element\" >\n\t\t<div class=\"wpb_wrapper\">\n\t\t\t<ul>\n<li>Centrul ofer\u0103 <strong>ateliere fizice \u0219i online<\/strong> care se pot desf\u0103\u0219ura la Muzeul Na\u021bional al Literaturii Rom\u00e2ne (str. Nicolae Cre\u021bulescu nr.8, Bucure\u0219ti), dar \u0219i \u00een \u0219coli la solicitarea institu\u021biei de \u00eenv\u0103t\u0103m\u00e2nt, inclusiv \u00een cadrul programelor ,,\u0219coala altfel\u201d sau ,,s\u0103ptam\u00e2na verde\u201d.<\/li>\n<li><strong>Cursurile modulare<\/strong> de benzi desenate sunt diferite prin metod\u0103 \u0219i se desfa\u0219oar\u0103 la Muzeul Na\u021bional al Literaturii Rom\u00e2ne (str. Nicolae Cretulescu nr.8, Bucuresti). Cursurile sunt structurate pe mai multe nivele destinate elevilor \u0219i sunt \u00eencadrate \u00een grupe de v\u00e2rste: 7-9 ani, 10-14 ani \u0219i 15-18 ani.<\/li>\n<li><strong>Cursurile de formare<\/strong> \u00een domeniul benzii desenate pentru studen\u021bi \u0219i cadrele didactice sunt coordonate de autorul si profesorul Gr\u0103jdeanu Mihai Ionu\u021b, formator certificat \u0219i se pot desf\u0103\u0219ura la Muzeul Na\u021bional al Literaturii Rom\u00e2ne (str. Nicolae Cre\u021bulescu nr.8, Bucure\u0219ti) sau \u00een instuti\u021bii de \u00eenv\u0103\u021b\u0103m\u00e2nt.<\/li>\n<\/ul>\n<p><strong>Informa\u021bii pentru \u00eenscrieri pot fi solicitate la adresa de email: <\/strong><a href=\"mailto:educatiebd@gmail.com\"><strong>educatiebd@gmail.com<\/strong><\/a><\/p>\n<p>Caiet de lucru cu benzi desenate<\/p>\n<p>https:\/\/edituramnlr.ro\/categorie-editoriala\/benzi-desenate\/<\/p>\n\n\t\t<\/div>\n\t<\/div>\n<\/div><\/div><\/div><\/div><div class=\"vc_row wpb_row vc_row-fluid\"><div class=\"wpb_column vc_column_container vc_col-sm-12\"><div class=\"vc_column-inner\"><div class=\"wpb_wrapper\"><h2 style=\"font-size: 30px;text-align: center\" class=\"vc_custom_heading\" >PERSPECTIVE<\/h2>\n\t<div class=\"wpb_text_column wpb_content_element\" >\n\t\t<div class=\"wpb_wrapper\">\n\t\t\t<blockquote>\n<p>\u201dPrin centrul nostru dorim s\u0103 oferim oportunit\u0103\u021bi noi de \u00eenv\u0103\u021bare pentru elevii de toate v\u00e2rstele, de la clasele primare p\u00e2n\u0103 la liceu inclusiv. Vocea lor conteaz\u0103 \u0219i este important s\u0103 le oferim astfel de platforme unde \u00ee\u0219i pot exprima g\u00e2ndurile \u0219i ideile printr-o modalitate modern\u0103 \u0219i atr\u0103g\u0103toare. Lectura prin benzi desenate \u0219i mai ales creearea benzilor desenate, care necesit\u0103 o poveste clara \u0219i concis\u0103, reprezint\u0103 o metod\u0103 important\u0103 \u00een etapele educa\u021biei lor. Toate acestea se pot desf\u0103\u0219ura acum la Muzeul Na\u021bional al Literaturii Rom\u00e2ne, un spa\u021biu dedicat at\u00e2t dezvolt\u0103rii personale c\u00e2t \u0219i \u00eenv\u0103\u021b\u0103rii interactive \u0219i explor\u0103rii continue.\u201d<\/p>\n<\/blockquote>\n<p>Mihai I. Gr\u0103jdeanu,<\/p>\n<p>fondator Centrul de Educa\u021bie \u0219i Formare prin Benzi Desenate<\/p>\n\n\t\t<\/div>\n\t<\/div>\n\n\t<div  class=\"wpb_single_image wpb_content_element vc_align_center\">\n\t\t\n\t\t<figure class=\"wpb_wrapper vc_figure\">\n\t\t\t<div class=\"vc_single_image-wrapper   vc_box_border_grey\"><img loading=\"lazy\" decoding=\"async\" width=\"1240\" height=\"591\" src=\"https:\/\/mnlr.ro\/wp-content\/uploads\/2024\/05\/P4-min.jpg\" class=\"vc_single_image-img attachment-full\" alt=\"\" srcset=\"https:\/\/mnlr.ro\/wp-content\/uploads\/2024\/05\/P4-min.jpg 1240w, https:\/\/mnlr.ro\/wp-content\/uploads\/2024\/05\/P4-min-500x238.jpg 500w, https:\/\/mnlr.ro\/wp-content\/uploads\/2024\/05\/P4-min-768x366.jpg 768w, https:\/\/mnlr.ro\/wp-content\/uploads\/2024\/05\/P4-min-18x9.jpg 18w\" sizes=\"auto, (max-width: 1240px) 100vw, 1240px\" \/><\/div>\n\t\t<\/figure>\n\t<\/div>\n\n\t<div class=\"wpb_text_column wpb_content_element\" >\n\t\t<div class=\"wpb_wrapper\">\n\t\t\t<p><strong>Mihai Ionu\u021b Gr\u0103jdeanu<\/strong> este autor \u0219i profesor de benzi desenate. A demarat trei proiecte editoriale: ,,Legendele Dacilor\u201d, ,,Comics Didactic \u2013 literatura rom\u00e2n\u0103 \u00een benzi desenate\u201d, ,,BD Historia \u2013 momente din istoria Rom\u00e2niei \u00een benzi desenate\u201d, pe l\u00e2ng\u0103 realizarea \u0219i publicarea de manuale BD, romane grafice, reviste \u015fi albume de band\u0103 desenat\u0103. A ini\u021biat \u0219i promovat \u00een Rom\u00e2nia o metod\u0103 de predare \u00een \u015fcoli (B.D.A.\u0218.) \u0219i a dezvoltat conceptul de muzeografie prin benzi desenate. A inventat, sub egida Comitetului Olimpic \u0219i Sportiv Rom\u00e2n, \u00een parteneriat cu Academia Olimpic\u0103, \u201eOlimpiada de Benzi Desenate\u201d, o competi\u021bie dedicat\u0103 elevilor de \u0219coal\u0103 general\u0103 \u0219i liceu \u2013 demers unic la nivel mondial. Organizeaz\u0103 tabere de benzi desenate \u0219i reprezint\u0103 Rom\u00e2nia la diferite expozi\u021bii \u0219i conferin\u021be interna\u021bionale de benzi desenate.<\/p>\n\n\t\t<\/div>\n\t<\/div>\n\n\t<div class=\"wpb_video_widget wpb_content_element vc_clearfix   vc_video-aspect-ratio-169 vc_video-el-width-100 vc_video-align-center\" >\n\t\t<div class=\"wpb_wrapper\">\n\t\t\t\n\t\t\t<div class=\"wpb_video_wrapper\"><iframe loading=\"lazy\" title=\"EUROPEAN SCHOOL OF COMICS\" width=\"500\" height=\"281\" src=\"https:\/\/www.youtube.com\/embed\/ifwwHJEDuM0?start=1&feature=oembed\" frameborder=\"0\" allow=\"accelerometer; autoplay; clipboard-write; encrypted-media; gyroscope; picture-in-picture; web-share\" referrerpolicy=\"strict-origin-when-cross-origin\" allowfullscreen><\/iframe><\/div>\n\t\t<\/div>\n\t<\/div>\n<\/div><\/div><\/div><\/div>","protected":false},"excerpt":{"rendered":"CENTRUL DE EDUCA\u021aIE \u0218I FORMARE PRIN BENZI DESENATE Centrul de Educatie \u0219i Formare prin Benzi Desenate reprezint\u0103 un demers inovator...","protected":false},"author":9,"featured_media":0,"parent":0,"menu_order":0,"comment_status":"closed","ping_status":"closed","template":"","meta":{"_exactmetrics_skip_tracking":false,"_exactmetrics_sitenote_active":false,"_exactmetrics_sitenote_note":"","_exactmetrics_sitenote_category":0,"footnotes":""},"class_list":["post-31884","page","type-page","status-publish","hentry"],"_links":{"self":[{"href":"https:\/\/mnlr.ro\/en\/wp-json\/wp\/v2\/pages\/31884","targetHints":{"allow":["GET"]}}],"collection":[{"href":"https:\/\/mnlr.ro\/en\/wp-json\/wp\/v2\/pages"}],"about":[{"href":"https:\/\/mnlr.ro\/en\/wp-json\/wp\/v2\/types\/page"}],"author":[{"embeddable":true,"href":"https:\/\/mnlr.ro\/en\/wp-json\/wp\/v2\/users\/9"}],"replies":[{"embeddable":true,"href":"https:\/\/mnlr.ro\/en\/wp-json\/wp\/v2\/comments?post=31884"}],"version-history":[{"count":8,"href":"https:\/\/mnlr.ro\/en\/wp-json\/wp\/v2\/pages\/31884\/revisions"}],"predecessor-version":[{"id":31896,"href":"https:\/\/mnlr.ro\/en\/wp-json\/wp\/v2\/pages\/31884\/revisions\/31896"}],"wp:attachment":[{"href":"https:\/\/mnlr.ro\/en\/wp-json\/wp\/v2\/media?parent=31884"}],"curies":[{"name":"wp","href":"https:\/\/api.w.org\/{rel}","templated":true}]}}