{"id":36,"date":"2017-05-25T14:59:36","date_gmt":"2017-05-25T11:59:36","guid":{"rendered":"http:\/\/localhost\/mnlr\/?page_id=36"},"modified":"2017-06-12T23:57:38","modified_gmt":"2017-06-12T20:57:38","slug":"patrimoniu","status":"publish","type":"page","link":"https:\/\/mnlr.ro\/en\/despre-noi\/patrimoniu\/","title":{"rendered":"Patrimony"},"content":{"rendered":"<p>Muzeul Na\u0163ional al Literaturii Rom\u00e2ne de\u0163ine peste 300.000 de piese organizate \u00een 300 colec\u0163ii (sec. XV-XX), cuprinz\u00e2nd manuscrise ale scriitorilor rom\u00e2ni, precum Mihai Eminescu, Ion Creang\u0103, Vasile Alecsandri, Lucian Blaga, I.L. Caragiale, Titu Maiorescu \u015fi mul\u0163i al\u0163ii. De asemenea muzeul de\u0163ine manuscrise valoroase ale unor scriitori str\u0103ini: M. Proust, Th. Mann, Paul Valery, G. Papini, G. Ungaretti etc. Colec\u0163iile sunt completate de c\u0103r\u0163i vechi \u015fi rare, documente istorico-literare, lucr\u0103ri de art\u0103 plastic\u0103 (grafic\u0103, pictur\u0103, sculptur\u0103), periodice, obiecte \u015fi mobilier memorial, fotografii, \u00eenregistr\u0103ri audio-video.<\/p>","protected":false},"excerpt":{"rendered":"<p>Muzeul Na\u0163ional al Literaturii Rom\u00e2ne de\u0163ine peste 300.000 de piese organizate \u00een 300 colec\u0163ii (sec. XV-XX), cuprinz\u00e2nd manuscrise ale scriitorilor&#8230;<\/p>","protected":false},"author":1,"featured_media":336,"parent":9,"menu_order":0,"comment_status":"closed","ping_status":"closed","template":"","meta":{"_exactmetrics_skip_tracking":false,"_exactmetrics_sitenote_active":false,"_exactmetrics_sitenote_note":"","_exactmetrics_sitenote_category":0,"footnotes":""},"class_list":["post-36","page","type-page","status-publish","has-post-thumbnail","hentry"],"_links":{"self":[{"href":"https:\/\/mnlr.ro\/en\/wp-json\/wp\/v2\/pages\/36","targetHints":{"allow":["GET"]}}],"collection":[{"href":"https:\/\/mnlr.ro\/en\/wp-json\/wp\/v2\/pages"}],"about":[{"href":"https:\/\/mnlr.ro\/en\/wp-json\/wp\/v2\/types\/page"}],"author":[{"embeddable":true,"href":"https:\/\/mnlr.ro\/en\/wp-json\/wp\/v2\/users\/1"}],"replies":[{"embeddable":true,"href":"https:\/\/mnlr.ro\/en\/wp-json\/wp\/v2\/comments?post=36"}],"version-history":[{"count":4,"href":"https:\/\/mnlr.ro\/en\/wp-json\/wp\/v2\/pages\/36\/revisions"}],"predecessor-version":[{"id":337,"href":"https:\/\/mnlr.ro\/en\/wp-json\/wp\/v2\/pages\/36\/revisions\/337"}],"up":[{"embeddable":true,"href":"https:\/\/mnlr.ro\/en\/wp-json\/wp\/v2\/pages\/9"}],"wp:featuredmedia":[{"embeddable":true,"href":"https:\/\/mnlr.ro\/en\/wp-json\/wp\/v2\/media\/336"}],"wp:attachment":[{"href":"https:\/\/mnlr.ro\/en\/wp-json\/wp\/v2\/media?parent=36"}],"curies":[{"name":"wp","href":"https:\/\/api.w.org\/{rel}","templated":true}]}}