{"id":370,"date":"2017-06-13T23:54:17","date_gmt":"2017-06-13T20:54:17","guid":{"rendered":"http:\/\/test.cristiangeorgescu.com\/mnlr\/?page_id=370"},"modified":"2020-10-08T13:57:08","modified_gmt":"2020-10-08T10:57:08","slug":"mihail-kogalniceanu","status":"publish","type":"page","link":"https:\/\/mnlr.ro\/en\/muzeul-digital\/mihail-kogalniceanu\/","title":{"rendered":"Mihail Kog\u0103lniceanu"},"content":{"rendered":"<p>Mihail Kog\u0103lniceanu (n. 6 septembrie 1817, Ia\u015fi \u2013 d. 20 iunie 1891, Paris), scriitor, jurnalist, memorialist, diplomat, om politic. S-a num\u0103rat printre membrii fondatori ai Societ\u0103\u0163ii Literare Rom\u00e2ne (1866), devenit\u0103 \u00een 1867 Societatea Academic\u0103 Rom\u00e2n\u0103, al c\u0103rei pre\u015fedinte a fost \u00eentre 1887-1890. Colaborator apropiat al domnitorului Alexandru Ioan Cuza, cei doi b\u0103rba\u0163i de stat au \u00eentocmit \u00eempreun\u0103 un amplu plan de reforme ce vor pune bazele constituirii statului rom\u00e2n modern. Pre\u015fedinte al Consiliului de Mini\u015ftri, titular la Ministerul de Interne \u015fi Ministerul de Externe, Kog\u0103lniceanu a fost unul dintre cei mai importan\u0163i demnitari ai genera\u0163iei sale. \u00cen timpul mandatului la conducerea Ministerului de Externe, Rom\u00e2nia \u015fi-a declarat \u201eindependen\u0163a\u201d fa\u0163\u0103 de Imperiul Otoman pe 9 mai 1877. Personalitate cu vast\u0103 experien\u0163\u0103 politic\u0103 \u015fi diplomatic\u0103, a fost unul dintre liderii marcan\u0163i ai Partidului Na\u0163ional Liberal. Totodat\u0103, Mihail Kog\u0103lniceanu a fost unul dinte cei mai mari oameni de cultur\u0103 ai veacului al XIX-lea, contribuind cu succes la cercetarea istoriei na\u0163ionale \u015fi dezvoltarea literaturii rom\u00e2ne\u015fti. \u00cen acest sens a fondat revista <em>Dacia literar\u0103<\/em> (Ia\u015fi), iar \u00een articolul inaugural a sintetizat idealurile scriitorilor pa\u015fopti\u015fti, pun\u00e2nd astfel bazele curentului pa\u015foptist din literatur\u0103.<\/p>","protected":false},"excerpt":{"rendered":"<p>Mihail Kog\u0103lniceanu (n. 6 septembrie 1817, Ia\u015fi \u2013 d. 20 iunie 1891, Paris), scriitor, jurnalist, memorialist, diplomat, om politic. S-a&#8230;<\/p>","protected":false},"author":1,"featured_media":371,"parent":140,"menu_order":0,"comment_status":"closed","ping_status":"closed","template":"template-autor.php","meta":{"_exactmetrics_skip_tracking":false,"_exactmetrics_sitenote_active":false,"_exactmetrics_sitenote_note":"","_exactmetrics_sitenote_category":0,"footnotes":""},"class_list":["post-370","page","type-page","status-publish","has-post-thumbnail","hentry"],"_links":{"self":[{"href":"https:\/\/mnlr.ro\/en\/wp-json\/wp\/v2\/pages\/370","targetHints":{"allow":["GET"]}}],"collection":[{"href":"https:\/\/mnlr.ro\/en\/wp-json\/wp\/v2\/pages"}],"about":[{"href":"https:\/\/mnlr.ro\/en\/wp-json\/wp\/v2\/types\/page"}],"author":[{"embeddable":true,"href":"https:\/\/mnlr.ro\/en\/wp-json\/wp\/v2\/users\/1"}],"replies":[{"embeddable":true,"href":"https:\/\/mnlr.ro\/en\/wp-json\/wp\/v2\/comments?post=370"}],"version-history":[{"count":3,"href":"https:\/\/mnlr.ro\/en\/wp-json\/wp\/v2\/pages\/370\/revisions"}],"predecessor-version":[{"id":14693,"href":"https:\/\/mnlr.ro\/en\/wp-json\/wp\/v2\/pages\/370\/revisions\/14693"}],"up":[{"embeddable":true,"href":"https:\/\/mnlr.ro\/en\/wp-json\/wp\/v2\/pages\/140"}],"wp:featuredmedia":[{"embeddable":true,"href":"https:\/\/mnlr.ro\/en\/wp-json\/wp\/v2\/media\/371"}],"wp:attachment":[{"href":"https:\/\/mnlr.ro\/en\/wp-json\/wp\/v2\/media?parent=370"}],"curies":[{"name":"wp","href":"https:\/\/api.w.org\/{rel}","templated":true}]}}