{"id":378,"date":"2017-06-14T00:31:50","date_gmt":"2017-06-13T21:31:50","guid":{"rendered":"http:\/\/test.cristiangeorgescu.com\/mnlr\/?page_id=378"},"modified":"2020-10-08T14:28:00","modified_gmt":"2020-10-08T11:28:00","slug":"ion-heliade-radulescu","status":"publish","type":"page","link":"https:\/\/mnlr.ro\/en\/muzeul-digital\/ion-heliade-radulescu\/","title":{"rendered":"Ion Heliade R\u0103dulescu"},"content":{"rendered":"<p>Ion Heliade-R\u0103dulescu (n. 6 ianuarie 1802, T\u00e2rgovi\u015fte \u2014 d. 27 aprilie 1872, Bucure\u015fti), scriitor, filolog \u015fi om politic este considerat unul dintre ctitorii culturii rom\u00e2ne moderne, ini\u0163iind o serie de proiecte enciclopedice. Este unul dintre autorii semnificativi ai perioadei pa\u015foptiste. \u00cen 1820, a fost numit, la v\u00e2rsta majoratului, profesor la \u015ecoala de pe l\u00e2ng\u0103 M\u0103n\u0103stirea Sf. Sava din Bucure\u015fti, \u00eenfiin\u0163at\u0103 de Gheorghe Laz\u0103r. A \u00eenfiin\u0163at prima gazet\u0103 \u00een limba rom\u00e2n\u0103 tip\u0103rit\u0103 \u00een \u0163ar\u0103, intitulat\u0103 <em>Curierul rom\u00e2nesc<\/em> (1829). Publica\u0163ia a ap\u0103rut, cu unele \u00eentreruperi, p\u00e2n\u0103 \u00een 1859. De asemenea, intelectualul a ini\u0163iat o serie de traduceri din literaturile str\u0103ine (\u201eBiblioteca universal\u0103\u201d). Este considerat, pentru t\u0103lm\u0103cirea unor poezii compuse de Alphonse de Lamartine, <em>Medita\u0163ii poetice dintr-ale lui&#8230;<\/em> (1830), ini\u0163iatorul curentului romantic \u00een spa\u0163iul rom\u00e2nesc. \u00cen 1828 a tip\u0103rit la Sibiu o <em>Gramatic\u0103 rom\u00e2neasc\u0103<\/em>. \u00cen lingvistic\u0103, a promovat italienizarea vocabularului \u015fi simplificarea alfabetului chirilic al limbii rom\u00e2ne, combin\u00e2ndu-l cu unele caractere latine, rezult\u00e2nd astfel a\u015fa-numitul \u201ealfabet de tranzi\u0163ie\u201d. A redactat, \u00een mare parte, Proclama\u0163ia de la Islaz (documente esen\u0163ial al mi\u015fc\u0103rii pa\u015foptiste), citit\u0103 pe 9 iunie 1848 de c\u0103tre Comitetul revolu\u0163ionar din \u0162ara Rom\u00e2neasc\u0103. Dup\u0103 1848, a fost plecat \u00een exil \u00een Fran\u0163a. S-a num\u0103rat printre membrii fondatori ai Societ\u0103\u0163ii Literare Rom\u00e2ne (1866), devenit\u0103 un an mai t\u00e2rziu Societatea Academic\u0103 Rom\u00e2n\u0103, al c\u0103rei prim pre\u015fedinte a fost \u00eentre 1867-1870. Scrieri: <em>Culegere din scrierile lui I. Eliad de proze \u015fi de poezie<\/em> (1836), <em>Paralelism \u00eentre dialectele rom\u00e2n \u015fi italian<\/em> sau <em>Forma ori gramatica acestor dou\u0103 dialecte<\/em> (1841), <em>Souvenirs et impressions d\u2019un proscrit<\/em> (Paris, 1850), <em>Echilibru \u00eentre antitezi<\/em> sau <em>Spiritul \u015fi material<\/em> (1869).<\/p>","protected":false},"excerpt":{"rendered":"<p>Ion Heliade-R\u0103dulescu (n. 6 ianuarie 1802, T\u00e2rgovi\u015fte \u2014 d. 27 aprilie 1872, Bucure\u015fti), scriitor, filolog \u015fi om politic este considerat&#8230;<\/p>","protected":false},"author":1,"featured_media":379,"parent":140,"menu_order":0,"comment_status":"closed","ping_status":"closed","template":"template-autor.php","meta":{"_exactmetrics_skip_tracking":false,"_exactmetrics_sitenote_active":false,"_exactmetrics_sitenote_note":"","_exactmetrics_sitenote_category":0,"footnotes":""},"class_list":["post-378","page","type-page","status-publish","has-post-thumbnail","hentry"],"_links":{"self":[{"href":"https:\/\/mnlr.ro\/en\/wp-json\/wp\/v2\/pages\/378","targetHints":{"allow":["GET"]}}],"collection":[{"href":"https:\/\/mnlr.ro\/en\/wp-json\/wp\/v2\/pages"}],"about":[{"href":"https:\/\/mnlr.ro\/en\/wp-json\/wp\/v2\/types\/page"}],"author":[{"embeddable":true,"href":"https:\/\/mnlr.ro\/en\/wp-json\/wp\/v2\/users\/1"}],"replies":[{"embeddable":true,"href":"https:\/\/mnlr.ro\/en\/wp-json\/wp\/v2\/comments?post=378"}],"version-history":[{"count":3,"href":"https:\/\/mnlr.ro\/en\/wp-json\/wp\/v2\/pages\/378\/revisions"}],"predecessor-version":[{"id":14706,"href":"https:\/\/mnlr.ro\/en\/wp-json\/wp\/v2\/pages\/378\/revisions\/14706"}],"up":[{"embeddable":true,"href":"https:\/\/mnlr.ro\/en\/wp-json\/wp\/v2\/pages\/140"}],"wp:featuredmedia":[{"embeddable":true,"href":"https:\/\/mnlr.ro\/en\/wp-json\/wp\/v2\/media\/379"}],"wp:attachment":[{"href":"https:\/\/mnlr.ro\/en\/wp-json\/wp\/v2\/media?parent=378"}],"curies":[{"name":"wp","href":"https:\/\/api.w.org\/{rel}","templated":true}]}}