{"id":384,"date":"2017-06-14T00:45:17","date_gmt":"2017-06-13T21:45:17","guid":{"rendered":"http:\/\/test.cristiangeorgescu.com\/mnlr\/?page_id=384"},"modified":"2020-10-08T14:32:15","modified_gmt":"2020-10-08T11:32:15","slug":"iacob-negruzzi","status":"publish","type":"page","link":"https:\/\/mnlr.ro\/en\/muzeul-digital\/iacob-negruzzi\/","title":{"rendered":"Iacob Negruzzi"},"content":{"rendered":"<p>Prozator, poet \u015fi dramaturg, fiul lui Costache Negruzzi. A fost membru fondator al Junimii, \u201esecretarul perpetuu\u201d al societ\u0103\u0163ii \u015fi redactorul revistei <em>Convorbiri literare<\/em> (pentru a c\u0103rei apari\u0163ie scotea adesea bani din buzunarul propriu). Literat mai pu\u0163in talentat dec\u00e2t tat\u0103l s\u0103u, om a\u015fezat, cu limitele \u015fi prejudec\u0103\u0163ile epocii, are meritul, ca memorialist, de a fi un bun observator, un narator onest \u015fi plin de umor \u015fi de a se pune cu bucurie \u00een slujba celor din jur.<\/p>","protected":false},"excerpt":{"rendered":"<p>Prozator, poet \u015fi dramaturg, fiul lui Costache Negruzzi. A fost membru fondator al Junimii, \u201esecretarul perpetuu\u201d al societ\u0103\u0163ii \u015fi redactorul&#8230;<\/p>","protected":false},"author":1,"featured_media":385,"parent":140,"menu_order":0,"comment_status":"closed","ping_status":"closed","template":"template-autor.php","meta":{"_exactmetrics_skip_tracking":false,"_exactmetrics_sitenote_active":false,"_exactmetrics_sitenote_note":"","_exactmetrics_sitenote_category":0,"footnotes":""},"class_list":["post-384","page","type-page","status-publish","has-post-thumbnail","hentry"],"_links":{"self":[{"href":"https:\/\/mnlr.ro\/en\/wp-json\/wp\/v2\/pages\/384","targetHints":{"allow":["GET"]}}],"collection":[{"href":"https:\/\/mnlr.ro\/en\/wp-json\/wp\/v2\/pages"}],"about":[{"href":"https:\/\/mnlr.ro\/en\/wp-json\/wp\/v2\/types\/page"}],"author":[{"embeddable":true,"href":"https:\/\/mnlr.ro\/en\/wp-json\/wp\/v2\/users\/1"}],"replies":[{"embeddable":true,"href":"https:\/\/mnlr.ro\/en\/wp-json\/wp\/v2\/comments?post=384"}],"version-history":[{"count":2,"href":"https:\/\/mnlr.ro\/en\/wp-json\/wp\/v2\/pages\/384\/revisions"}],"predecessor-version":[{"id":14709,"href":"https:\/\/mnlr.ro\/en\/wp-json\/wp\/v2\/pages\/384\/revisions\/14709"}],"up":[{"embeddable":true,"href":"https:\/\/mnlr.ro\/en\/wp-json\/wp\/v2\/pages\/140"}],"wp:featuredmedia":[{"embeddable":true,"href":"https:\/\/mnlr.ro\/en\/wp-json\/wp\/v2\/media\/385"}],"wp:attachment":[{"href":"https:\/\/mnlr.ro\/en\/wp-json\/wp\/v2\/media?parent=384"}],"curies":[{"name":"wp","href":"https:\/\/api.w.org\/{rel}","templated":true}]}}