{"id":572,"date":"2017-07-11T10:05:37","date_gmt":"2017-07-11T07:05:37","guid":{"rendered":"http:\/\/test.cristiangeorgescu.com\/mnlr\/?page_id=572"},"modified":"2020-10-08T14:29:41","modified_gmt":"2020-10-08T11:29:41","slug":"george-cosbuc","status":"publish","type":"page","link":"https:\/\/mnlr.ro\/en\/muzeul-digital\/george-cosbuc\/","title":{"rendered":"George Co\u0219buc"},"content":{"rendered":"<p>Poezia sa apar\u021bine patrimoniului cultural na\u021bional \u0219i, de\u0219i este considerat un poet care a scris poezii care se recitau la serb\u0103rile \u0219colare sau populare, crea\u021bia sa \u00eel recomand\u0103 drept un autor clasic al literaturii rom\u00e2ne, cu un gust literar des\u0103v\u00e2r\u0219it \u0219i un autor canonic, care nu poate lipsi din manualele \u0219colare nici \u00een ziua de azi. A dus, de asemenea, o prodigioas\u0103 activitate de iluminare a \u021b\u0103ranilor, e un precursor al mi\u0219c\u0103rii poporaniste \u0219i un tehnician des\u0103v\u00e2r\u0219it al prozodiei, folosea o gam\u0103 foarte variat\u0103 de picioare metrice \u0219i de ritmuri, de la cele ale poeziei populare la terza rima. A dat o versiune complet\u0103 a operei lui Dante, <em>Divina comedie<\/em>. A tradus foarte mult din lirica str\u0103in\u0103 \u0219i a adaptat prin localizare la sufletul \u0219i mediul \u021b\u0103r\u0103nesc <em>Eneida<\/em> \u0219i <em>Odiseea<\/em> (<em>Iliada<\/em> a fost tradus\u0103 de contemporanul s\u0103u, George Murnu) \u0219i a introdus specii ale poeziei orientale, cum ar fi gazelul, \u00een poezia rom\u00e2n\u0103.<\/p>","protected":false},"excerpt":{"rendered":"<p>Poezia sa apar\u021bine patrimoniului cultural na\u021bional \u0219i, de\u0219i este considerat un poet care a scris poezii care se recitau la&#8230;<\/p>","protected":false},"author":1,"featured_media":1047,"parent":140,"menu_order":0,"comment_status":"closed","ping_status":"closed","template":"template-autor.php","meta":{"_exactmetrics_skip_tracking":false,"_exactmetrics_sitenote_active":false,"_exactmetrics_sitenote_note":"","_exactmetrics_sitenote_category":0,"footnotes":""},"class_list":["post-572","page","type-page","status-publish","has-post-thumbnail","hentry"],"_links":{"self":[{"href":"https:\/\/mnlr.ro\/en\/wp-json\/wp\/v2\/pages\/572","targetHints":{"allow":["GET"]}}],"collection":[{"href":"https:\/\/mnlr.ro\/en\/wp-json\/wp\/v2\/pages"}],"about":[{"href":"https:\/\/mnlr.ro\/en\/wp-json\/wp\/v2\/types\/page"}],"author":[{"embeddable":true,"href":"https:\/\/mnlr.ro\/en\/wp-json\/wp\/v2\/users\/1"}],"replies":[{"embeddable":true,"href":"https:\/\/mnlr.ro\/en\/wp-json\/wp\/v2\/comments?post=572"}],"version-history":[{"count":7,"href":"https:\/\/mnlr.ro\/en\/wp-json\/wp\/v2\/pages\/572\/revisions"}],"predecessor-version":[{"id":14707,"href":"https:\/\/mnlr.ro\/en\/wp-json\/wp\/v2\/pages\/572\/revisions\/14707"}],"up":[{"embeddable":true,"href":"https:\/\/mnlr.ro\/en\/wp-json\/wp\/v2\/pages\/140"}],"wp:featuredmedia":[{"embeddable":true,"href":"https:\/\/mnlr.ro\/en\/wp-json\/wp\/v2\/media\/1047"}],"wp:attachment":[{"href":"https:\/\/mnlr.ro\/en\/wp-json\/wp\/v2\/media?parent=572"}],"curies":[{"name":"wp","href":"https:\/\/api.w.org\/{rel}","templated":true}]}}