{"id":587,"date":"2017-07-11T10:14:53","date_gmt":"2017-07-11T07:14:53","guid":{"rendered":"http:\/\/test.cristiangeorgescu.com\/mnlr\/?page_id=587"},"modified":"2017-08-23T13:21:04","modified_gmt":"2017-08-23T10:21:04","slug":"pompiliu-eliade","status":"publish","type":"page","link":"https:\/\/mnlr.ro\/en\/muzeul-digital\/pompiliu-eliade\/","title":{"rendered":"Pompiliu Eliade"},"content":{"rendered":"<p>A fost un istoric literar \u0219i un profesor rom\u00e2n de limba francez\u0103, membru al Ateneului Rom\u00e2n \u0219i membru corespondent al Academiei Rom\u00e2ne din 21 mai 1912.<\/p>","protected":false},"excerpt":{"rendered":"<p>A fost un istoric literar \u0219i un profesor rom\u00e2n de limba francez\u0103, membru al Ateneului Rom\u00e2n \u0219i membru corespondent al&#8230;<\/p>","protected":false},"author":1,"featured_media":589,"parent":140,"menu_order":0,"comment_status":"closed","ping_status":"closed","template":"template-autor.php","meta":{"_exactmetrics_skip_tracking":false,"_exactmetrics_sitenote_active":false,"_exactmetrics_sitenote_note":"","_exactmetrics_sitenote_category":0,"footnotes":""},"class_list":["post-587","page","type-page","status-publish","has-post-thumbnail","hentry"],"_links":{"self":[{"href":"https:\/\/mnlr.ro\/en\/wp-json\/wp\/v2\/pages\/587","targetHints":{"allow":["GET"]}}],"collection":[{"href":"https:\/\/mnlr.ro\/en\/wp-json\/wp\/v2\/pages"}],"about":[{"href":"https:\/\/mnlr.ro\/en\/wp-json\/wp\/v2\/types\/page"}],"author":[{"embeddable":true,"href":"https:\/\/mnlr.ro\/en\/wp-json\/wp\/v2\/users\/1"}],"replies":[{"embeddable":true,"href":"https:\/\/mnlr.ro\/en\/wp-json\/wp\/v2\/comments?post=587"}],"version-history":[{"count":2,"href":"https:\/\/mnlr.ro\/en\/wp-json\/wp\/v2\/pages\/587\/revisions"}],"predecessor-version":[{"id":797,"href":"https:\/\/mnlr.ro\/en\/wp-json\/wp\/v2\/pages\/587\/revisions\/797"}],"up":[{"embeddable":true,"href":"https:\/\/mnlr.ro\/en\/wp-json\/wp\/v2\/pages\/140"}],"wp:featuredmedia":[{"embeddable":true,"href":"https:\/\/mnlr.ro\/en\/wp-json\/wp\/v2\/media\/589"}],"wp:attachment":[{"href":"https:\/\/mnlr.ro\/en\/wp-json\/wp\/v2\/media?parent=587"}],"curies":[{"name":"wp","href":"https:\/\/api.w.org\/{rel}","templated":true}]}}