{"id":688,"date":"2017-07-12T23:46:29","date_gmt":"2017-07-12T20:46:29","guid":{"rendered":"http:\/\/test.cristiangeorgescu.com\/mnlr\/?page_id=688"},"modified":"2020-10-08T13:26:55","modified_gmt":"2020-10-08T10:26:55","slug":"jean-bart","status":"publish","type":"page","link":"https:\/\/mnlr.ro\/en\/muzeul-digital\/jean-bart\/","title":{"rendered":"Jean Bart"},"content":{"rendered":"<p>Jean Bart este pseudonimul literar al scriitorului Eugeniu P. Botez (n. 28 noiembrie 1874, Burdujeni, jude\u021bul istoric Boto\u0219ani &#8211; d. 12 mai 1933, Bucure\u0219ti), \u00eemprumutat de la un faimos corsar flamand al secolului al XVII-lea. A fost membru corespondent (din 1922) al Academiei Rom\u00e2ne.<\/p>\n<p>Jean Bart r\u0103m\u00e2ne un nume important pentru proza rom\u00e2n\u0103, un scriitor autentic, care a cultivat pentru prima dat\u0103 \u00een literatura rom\u00e2n\u0103 jurnalul de bord \u0219i schi\u021ba marin\u0103, acestea fiind pentru totdeauna legate de numele lui, iar prin <em>Europolis<\/em>, care i-a \u00eencoronat opera, ne-a d\u0103ruit primul \u0219i cel mai realizat roman al unui port rom\u00e2nesc. Aduc\u00e2nd \u00een proza rom\u00e2n\u0103 \u201ecandida nav\u0103 cu p\u00e2nzele desf\u0103cute\u201d, o dat\u0103 cu terminologia marin\u0103reasc\u0103, utilizat\u0103 pentru prima dat\u0103 \u00eentr-o oper\u0103 literar\u0103, Jean Bart a \u00eencet\u0103\u021benit la noi literatura vie\u021bii maritime \u0219i fluviale, a portului \u0219i a largului marin.<\/p>","protected":false},"excerpt":{"rendered":"<p>Jean Bart este pseudonimul literar al scriitorului Eugeniu P. Botez (n. 28 noiembrie 1874, Burdujeni, jude\u021bul istoric Boto\u0219ani &#8211; d&#8230;.<\/p>","protected":false},"author":1,"featured_media":689,"parent":140,"menu_order":0,"comment_status":"closed","ping_status":"closed","template":"template-autor.php","meta":{"_exactmetrics_skip_tracking":false,"_exactmetrics_sitenote_active":false,"_exactmetrics_sitenote_note":"","_exactmetrics_sitenote_category":0,"footnotes":""},"class_list":["post-688","page","type-page","status-publish","has-post-thumbnail","hentry"],"_links":{"self":[{"href":"https:\/\/mnlr.ro\/en\/wp-json\/wp\/v2\/pages\/688","targetHints":{"allow":["GET"]}}],"collection":[{"href":"https:\/\/mnlr.ro\/en\/wp-json\/wp\/v2\/pages"}],"about":[{"href":"https:\/\/mnlr.ro\/en\/wp-json\/wp\/v2\/types\/page"}],"author":[{"embeddable":true,"href":"https:\/\/mnlr.ro\/en\/wp-json\/wp\/v2\/users\/1"}],"replies":[{"embeddable":true,"href":"https:\/\/mnlr.ro\/en\/wp-json\/wp\/v2\/comments?post=688"}],"version-history":[{"count":4,"href":"https:\/\/mnlr.ro\/en\/wp-json\/wp\/v2\/pages\/688\/revisions"}],"predecessor-version":[{"id":14677,"href":"https:\/\/mnlr.ro\/en\/wp-json\/wp\/v2\/pages\/688\/revisions\/14677"}],"up":[{"embeddable":true,"href":"https:\/\/mnlr.ro\/en\/wp-json\/wp\/v2\/pages\/140"}],"wp:featuredmedia":[{"embeddable":true,"href":"https:\/\/mnlr.ro\/en\/wp-json\/wp\/v2\/media\/689"}],"wp:attachment":[{"href":"https:\/\/mnlr.ro\/en\/wp-json\/wp\/v2\/media?parent=688"}],"curies":[{"name":"wp","href":"https:\/\/api.w.org\/{rel}","templated":true}]}}