{"id":698,"date":"2017-07-13T00:15:13","date_gmt":"2017-07-12T21:15:13","guid":{"rendered":"http:\/\/test.cristiangeorgescu.com\/mnlr\/?page_id=698"},"modified":"2020-10-08T13:44:45","modified_gmt":"2020-10-08T10:44:45","slug":"pompiliu-constantinescu","status":"publish","type":"page","link":"https:\/\/mnlr.ro\/en\/muzeul-digital\/pompiliu-constantinescu\/","title":{"rendered":"Pompiliu Constantinescu"},"content":{"rendered":"<p>Pompiliu Constantinescu (17 mai 1901, Bucure\u015fti \u2013 10 mai 1946, Bucure\u015fti) a reprezentat un caz de critic \u201epur\u201d (ca \u015fi \u015eerban Cioculescu), neademenit de nici un alt gen. Nu a scris poezii ca Perpessicius, G. C\u0103linesocu, T. Vianu, nu s-a lansat \u00een pagini de proz\u0103 ca G. Ibr\u0103ileanu, E. Lovinescu sau G. C\u0103linescu. \u201eCritica modern\u0103 este ea singur\u0103 un gen literar, o crea\u0163ie, de al doilea ordin, dac\u0103 vre\u0163i, a spiritului, l\u00e2ng\u0103 crea\u0163ia artistic\u0103 \u015fi un vehicul de valorificare, f\u0103r\u0103 prezen\u0163a c\u0103ruia literatura ar fi ea \u00eens\u0103\u015fi p\u0103gubit\u0103\u201d. \u00cen perioada interbelic\u0103 a fost cel mai longeviv cronicar literar al unei reviste, public\u00e2nd la <em>Vremea<\/em> (1930-1938; 1941-1944). Dup\u0103 1943, c\u00e2nd a murit E. Lovinescu, a condus \u015fedin\u0163ele Cenaclului Sbur\u0103torul. \u00cen 1941, la interven\u0163ia lui D. Caracostea (cu orientare na\u0163ionalist\u0103), directorul Editura Funda\u0163iei Regale, a fost eliminat din comitetul <em>Revistei Funda\u0163iei Regale<\/em> pe motiv c\u0103 reprezenta modernismul \u015fi estetismul.<\/p>","protected":false},"excerpt":{"rendered":"<p>Pompiliu Constantinescu (17 mai 1901, Bucure\u015fti \u2013 10 mai 1946, Bucure\u015fti) a reprezentat un caz de critic \u201epur\u201d (ca \u015fi&#8230;<\/p>","protected":false},"author":1,"featured_media":699,"parent":140,"menu_order":0,"comment_status":"closed","ping_status":"closed","template":"template-autor.php","meta":{"_exactmetrics_skip_tracking":false,"_exactmetrics_sitenote_active":false,"_exactmetrics_sitenote_note":"","_exactmetrics_sitenote_category":0,"footnotes":""},"class_list":["post-698","page","type-page","status-publish","has-post-thumbnail","hentry"],"_links":{"self":[{"href":"https:\/\/mnlr.ro\/en\/wp-json\/wp\/v2\/pages\/698","targetHints":{"allow":["GET"]}}],"collection":[{"href":"https:\/\/mnlr.ro\/en\/wp-json\/wp\/v2\/pages"}],"about":[{"href":"https:\/\/mnlr.ro\/en\/wp-json\/wp\/v2\/types\/page"}],"author":[{"embeddable":true,"href":"https:\/\/mnlr.ro\/en\/wp-json\/wp\/v2\/users\/1"}],"replies":[{"embeddable":true,"href":"https:\/\/mnlr.ro\/en\/wp-json\/wp\/v2\/comments?post=698"}],"version-history":[{"count":4,"href":"https:\/\/mnlr.ro\/en\/wp-json\/wp\/v2\/pages\/698\/revisions"}],"predecessor-version":[{"id":14687,"href":"https:\/\/mnlr.ro\/en\/wp-json\/wp\/v2\/pages\/698\/revisions\/14687"}],"up":[{"embeddable":true,"href":"https:\/\/mnlr.ro\/en\/wp-json\/wp\/v2\/pages\/140"}],"wp:featuredmedia":[{"embeddable":true,"href":"https:\/\/mnlr.ro\/en\/wp-json\/wp\/v2\/media\/699"}],"wp:attachment":[{"href":"https:\/\/mnlr.ro\/en\/wp-json\/wp\/v2\/media?parent=698"}],"curies":[{"name":"wp","href":"https:\/\/api.w.org\/{rel}","templated":true}]}}