{"id":710,"date":"2017-07-13T00:45:50","date_gmt":"2017-07-12T21:45:50","guid":{"rendered":"http:\/\/test.cristiangeorgescu.com\/mnlr\/?page_id=710"},"modified":"2020-10-08T15:39:45","modified_gmt":"2020-10-08T12:39:45","slug":"iulia-hasdeu","status":"publish","type":"page","link":"https:\/\/mnlr.ro\/en\/muzeul-digital\/iulia-hasdeu\/","title":{"rendered":"Iulia Hasdeu"},"content":{"rendered":"<p>A fost o t\u00e2n\u0103r\u0103 scriitoare \u0219i intelectual\u0103 rom\u00e2n\u0103, poet\u0103 de limba francez\u0103, fiica savantului Bogdan Petriceicu Hasdeu. S-a manifestat \u0219i \u00een muzic\u0103 (cursuri la Conservatorul din Bucure\u0219ti, avea o minunat\u0103 voce de sopran\u0103) \u0219i pictur\u0103 (cursuri particulare de desen \u0219i pictur\u0103 la Paris). Avea un talent deosebit la limbi str\u0103ine \u0219i era interesat\u0103 de filosofie.<\/p>","protected":false},"excerpt":{"rendered":"<p>A fost o t\u00e2n\u0103r\u0103 scriitoare \u0219i intelectual\u0103 rom\u00e2n\u0103, poet\u0103 de limba francez\u0103, fiica savantului Bogdan Petriceicu Hasdeu. S-a manifestat \u0219i&#8230;<\/p>","protected":false},"author":1,"featured_media":1048,"parent":140,"menu_order":0,"comment_status":"closed","ping_status":"closed","template":"template-autor.php","meta":{"_exactmetrics_skip_tracking":false,"_exactmetrics_sitenote_active":false,"_exactmetrics_sitenote_note":"","_exactmetrics_sitenote_category":0,"footnotes":""},"class_list":["post-710","page","type-page","status-publish","has-post-thumbnail","hentry"],"_links":{"self":[{"href":"https:\/\/mnlr.ro\/en\/wp-json\/wp\/v2\/pages\/710","targetHints":{"allow":["GET"]}}],"collection":[{"href":"https:\/\/mnlr.ro\/en\/wp-json\/wp\/v2\/pages"}],"about":[{"href":"https:\/\/mnlr.ro\/en\/wp-json\/wp\/v2\/types\/page"}],"author":[{"embeddable":true,"href":"https:\/\/mnlr.ro\/en\/wp-json\/wp\/v2\/users\/1"}],"replies":[{"embeddable":true,"href":"https:\/\/mnlr.ro\/en\/wp-json\/wp\/v2\/comments?post=710"}],"version-history":[{"count":4,"href":"https:\/\/mnlr.ro\/en\/wp-json\/wp\/v2\/pages\/710\/revisions"}],"predecessor-version":[{"id":14700,"href":"https:\/\/mnlr.ro\/en\/wp-json\/wp\/v2\/pages\/710\/revisions\/14700"}],"up":[{"embeddable":true,"href":"https:\/\/mnlr.ro\/en\/wp-json\/wp\/v2\/pages\/140"}],"wp:featuredmedia":[{"embeddable":true,"href":"https:\/\/mnlr.ro\/en\/wp-json\/wp\/v2\/media\/1048"}],"wp:attachment":[{"href":"https:\/\/mnlr.ro\/en\/wp-json\/wp\/v2\/media?parent=710"}],"curies":[{"name":"wp","href":"https:\/\/api.w.org\/{rel}","templated":true}]}}