{"id":726,"date":"2017-07-13T01:58:13","date_gmt":"2017-07-12T22:58:13","guid":{"rendered":"http:\/\/test.cristiangeorgescu.com\/mnlr\/?page_id=726"},"modified":"2020-10-08T13:15:28","modified_gmt":"2020-10-08T10:15:28","slug":"nicolae-kretzulescu","status":"publish","type":"page","link":"https:\/\/mnlr.ro\/en\/muzeul-digital\/nicolae-kretzulescu\/","title":{"rendered":"Nicolae Kretzulescu"},"content":{"rendered":"<p>Medic, diplomat, personalitate cu vast\u0103 experien\u0163\u0103 politic\u0103, membru al Academiei Rom\u00e2ne. S-a remarcat ca un ilustru pionier \u00een domeniul medicinei rom\u00e2ne\u015fti \u015fi a avut o bogat\u0103 activitate guvernamental\u0103 \u00een timpul domniei lui Alexandru Ioan Cuza, c\u00e2nd s-a consacrat drept unul dintre cei mai apropia\u0163i colaboratori ai domnitorului. Pe l\u00e2ng\u0103 activitatea medical\u0103 \u015fi politic\u0103, Kretzulescu a practicat \u015fi diploma\u0163ia, iar ca semn de apreciere pentru \u00eentreaga sa contribu\u0163ie la dezvoltarea \u015ftiin\u0163ei rom\u00e2ne\u015fti, a fost ales pre\u015fedinte al Academiei Rom\u00e2ne.<\/p>","protected":false},"excerpt":{"rendered":"<p>Medic, diplomat, personalitate cu vast\u0103 experien\u0163\u0103 politic\u0103, membru al Academiei Rom\u00e2ne. S-a remarcat ca un ilustru pionier \u00een domeniul medicinei&#8230;<\/p>","protected":false},"author":1,"featured_media":727,"parent":140,"menu_order":0,"comment_status":"closed","ping_status":"closed","template":"template-autor.php","meta":{"_exactmetrics_skip_tracking":false,"_exactmetrics_sitenote_active":false,"_exactmetrics_sitenote_note":"","_exactmetrics_sitenote_category":0,"footnotes":""},"class_list":["post-726","page","type-page","status-publish","has-post-thumbnail","hentry"],"_links":{"self":[{"href":"https:\/\/mnlr.ro\/en\/wp-json\/wp\/v2\/pages\/726","targetHints":{"allow":["GET"]}}],"collection":[{"href":"https:\/\/mnlr.ro\/en\/wp-json\/wp\/v2\/pages"}],"about":[{"href":"https:\/\/mnlr.ro\/en\/wp-json\/wp\/v2\/types\/page"}],"author":[{"embeddable":true,"href":"https:\/\/mnlr.ro\/en\/wp-json\/wp\/v2\/users\/1"}],"replies":[{"embeddable":true,"href":"https:\/\/mnlr.ro\/en\/wp-json\/wp\/v2\/comments?post=726"}],"version-history":[{"count":3,"href":"https:\/\/mnlr.ro\/en\/wp-json\/wp\/v2\/pages\/726\/revisions"}],"predecessor-version":[{"id":14670,"href":"https:\/\/mnlr.ro\/en\/wp-json\/wp\/v2\/pages\/726\/revisions\/14670"}],"up":[{"embeddable":true,"href":"https:\/\/mnlr.ro\/en\/wp-json\/wp\/v2\/pages\/140"}],"wp:featuredmedia":[{"embeddable":true,"href":"https:\/\/mnlr.ro\/en\/wp-json\/wp\/v2\/media\/727"}],"wp:attachment":[{"href":"https:\/\/mnlr.ro\/en\/wp-json\/wp\/v2\/media?parent=726"}],"curies":[{"name":"wp","href":"https:\/\/api.w.org\/{rel}","templated":true}]}}