{"id":730,"date":"2017-07-13T11:09:34","date_gmt":"2017-07-13T08:09:34","guid":{"rendered":"http:\/\/test.cristiangeorgescu.com\/mnlr\/?page_id=730"},"modified":"2020-10-08T13:36:38","modified_gmt":"2020-10-08T10:36:38","slug":"titu-maiorescu","status":"publish","type":"page","link":"https:\/\/mnlr.ro\/en\/muzeul-digital\/titu-maiorescu\/","title":{"rendered":"Titu Maiorescu"},"content":{"rendered":"<p>Academician, avocat, critic literar, estetician, filosof, pedagog, politician \u0219i scriitor rom\u00e2n, prim-ministru al Rom\u00e2niei \u00eentre 1912 \u0219i 1914, membru fondator al Academiei Rom\u00e2ne, personalitate remarcabil\u0103 a Rom\u00e2niei sf\u00e2r\u0219itului secolului al XIX-lea \u0219i \u00eenceputului secolului XX. Maiorescu este autorul celebrei teorii a \u201eformelor f\u0103r\u0103 fond\u201d, baza junimismului politic \u0219i \u201epiatra de fundament\u201d pe care s-au construit operele lui Mihai Eminescu, Ion Creang\u0103, Ion Luca Caragiale \u0219i Ioan Slavici.<\/p>","protected":false},"excerpt":{"rendered":"<p>Academician, avocat, critic literar, estetician, filosof, pedagog, politician \u0219i scriitor rom\u00e2n, prim-ministru al Rom\u00e2niei \u00eentre 1912 \u0219i 1914, membru fondator&#8230;<\/p>","protected":false},"author":1,"featured_media":731,"parent":140,"menu_order":0,"comment_status":"closed","ping_status":"closed","template":"template-autor.php","meta":{"_exactmetrics_skip_tracking":false,"_exactmetrics_sitenote_active":false,"_exactmetrics_sitenote_note":"","_exactmetrics_sitenote_category":0,"footnotes":""},"class_list":["post-730","page","type-page","status-publish","has-post-thumbnail","hentry"],"_links":{"self":[{"href":"https:\/\/mnlr.ro\/en\/wp-json\/wp\/v2\/pages\/730","targetHints":{"allow":["GET"]}}],"collection":[{"href":"https:\/\/mnlr.ro\/en\/wp-json\/wp\/v2\/pages"}],"about":[{"href":"https:\/\/mnlr.ro\/en\/wp-json\/wp\/v2\/types\/page"}],"author":[{"embeddable":true,"href":"https:\/\/mnlr.ro\/en\/wp-json\/wp\/v2\/users\/1"}],"replies":[{"embeddable":true,"href":"https:\/\/mnlr.ro\/en\/wp-json\/wp\/v2\/comments?post=730"}],"version-history":[{"count":5,"href":"https:\/\/mnlr.ro\/en\/wp-json\/wp\/v2\/pages\/730\/revisions"}],"predecessor-version":[{"id":14683,"href":"https:\/\/mnlr.ro\/en\/wp-json\/wp\/v2\/pages\/730\/revisions\/14683"}],"up":[{"embeddable":true,"href":"https:\/\/mnlr.ro\/en\/wp-json\/wp\/v2\/pages\/140"}],"wp:featuredmedia":[{"embeddable":true,"href":"https:\/\/mnlr.ro\/en\/wp-json\/wp\/v2\/media\/731"}],"wp:attachment":[{"href":"https:\/\/mnlr.ro\/en\/wp-json\/wp\/v2\/media?parent=730"}],"curies":[{"name":"wp","href":"https:\/\/api.w.org\/{rel}","templated":true}]}}