{"id":7593,"date":"2018-12-06T08:46:45","date_gmt":"2018-12-06T06:46:45","guid":{"rendered":"http:\/\/mnlr.ro\/?page_id=7593"},"modified":"2026-02-04T15:59:57","modified_gmt":"2026-02-04T13:59:57","slug":"casa-memoriala-anton-pann","status":"publish","type":"page","link":"https:\/\/mnlr.ro\/en\/case-memoriale\/casa-memoriala-anton-pann\/","title":{"rendered":"Anton Pann Memorial House"},"content":{"rendered":"<p>Online tickets available here: <a href=\"https:\/\/anton_pann.booktes.com\">https:\/\/anton_pann.booktes.com<\/a><\/p>\n<p><strong><a href=\"https:\/\/mnlr.ro\/tur\/pann.html\"><img loading=\"lazy\" decoding=\"async\" class=\"alignnone size-full wp-image-11794\" src=\"https:\/\/mnlr.ro\/wp-content\/uploads\/2020\/03\/veziTurVirtual.png\" alt=\"\" width=\"220\" height=\"38\" \/><\/a><\/strong><\/p>\n<p>Music performed by the Trei Parale Group and the Anton Pann Ensemble<\/p>\n<p>The curator concept for this exhibition takes after the principles of interaction and connection. The life story of a writer is told in a whole new way. The exhibition is an adventure in the literary and political world of the subject\u2019s time. The most beautiful book illustration by famous Romanian artists, interactive and animated installations. Twenty-three musical instruments as they would have been during the first half of the 19th century, a sound archive, sheet music, secular and religious arrangements for voice and instruments composed by Anton Pann. This is the first permanent exhibition of the house that keeps the memory of the writer and his times alive, presented in a curatoral concept by the architects Constantin Goagea and Justin Baroncea.<\/p>\n<p>The house was the first and only house that Anton Pann owned. He bought it in 1848, a short distance from the Sf\u00e2ntul Stelian-Lucaci Church, where Anton Pann would sing. The property has a large yard, where the owner would house is printing press. Anton Pann would go on to complete the second edition of his masterpiece, <em>Povestea vorbii<\/em>and other great works such as, <em>Nezdr\u0103veniile lui Nastratin Hogea<\/em>, the author's other flagship creation, as well as <em>O \u0219ez\u0103toare la \u021bar\u0103 sau C\u0103l\u0103toria lui Mo\u0219 Albu<\/em>. The Anton Pann Memorial House joined the MNLR cultural heritage less than a year ago and can be visited free of charge until the end of the year.<\/p>\n<p><strong>PROJECT COORDINATION:<br \/>\n<\/strong>Ioan Cristescu, Director of the National Museum of Romanian Literature<\/p>\n<p class=\"translation-block\"><strong>AUTHORS:<\/strong> Constantin Goagea, Justin Baroncea, Anastasia David, Alexandru Condrea<\/p>\n<p class=\"translation-block\"><strong>SCIENTIFIC CONSULTANTS:<\/strong> Gabriela Dumitrescu (Romanian Academy), Nicolae Mecu (Institute of History and Literary Theory \"G. C\u0103linescu\"), Florin Iordan (Trei Parale troupe), Constantin R\u0103ileanu (Anton Pann troupe)<\/p>\n<p class=\"translation-block\"><strong>COLLABORATORS:<\/strong> Emanuel Birtea, Mihaela Butoi, Cristina Ginara, Alexandru Ivanof, Sonia Lascu, Adina Lupu (documentation), Radu Manelici (graphics), Ioana Nani\u0219, Sabina Nechita, Ioana Tru\u0219c\u0103, Alexandru Voicu, Rare\u0219 Nedelcu , Urban Paint (performance)<\/p>\n<p class=\"translation-block\"><strong>MNLR TEAM:<\/strong> Emanuel Cambosie, Ana Claudia Cencu, Andreea Dr\u0103ghicescu, Emil Doicescu, Victori\u021ba Doicescu, Anita Grigoriu, Alina Ioan, Andra Ispas, Ina Mare\u0219, Cristina Milca, Ilinca Stratan, Luana Stroe, Violeta V\u00e2rjoghe, Loredana Voicila<\/p>","protected":false},"excerpt":{"rendered":"<p>Bilete on-line disponibile aici: https:\/\/anton_pann.booktes.com Muzic\u0103 interpretat\u0103 de Grupul Trei Parale \u0219i de Ansamblul Anton Pann Conceptul muzeal propus \u00een&#8230;<\/p>","protected":false},"author":4,"featured_media":7628,"parent":87,"menu_order":0,"comment_status":"closed","ping_status":"closed","template":"template-casa-memoriala.php","meta":{"_exactmetrics_skip_tracking":false,"_exactmetrics_sitenote_active":false,"_exactmetrics_sitenote_note":"","_exactmetrics_sitenote_category":0,"footnotes":""},"class_list":["post-7593","page","type-page","status-publish","has-post-thumbnail","hentry"],"_links":{"self":[{"href":"https:\/\/mnlr.ro\/en\/wp-json\/wp\/v2\/pages\/7593","targetHints":{"allow":["GET"]}}],"collection":[{"href":"https:\/\/mnlr.ro\/en\/wp-json\/wp\/v2\/pages"}],"about":[{"href":"https:\/\/mnlr.ro\/en\/wp-json\/wp\/v2\/types\/page"}],"author":[{"embeddable":true,"href":"https:\/\/mnlr.ro\/en\/wp-json\/wp\/v2\/users\/4"}],"replies":[{"embeddable":true,"href":"https:\/\/mnlr.ro\/en\/wp-json\/wp\/v2\/comments?post=7593"}],"version-history":[{"count":15,"href":"https:\/\/mnlr.ro\/en\/wp-json\/wp\/v2\/pages\/7593\/revisions"}],"predecessor-version":[{"id":23239,"href":"https:\/\/mnlr.ro\/en\/wp-json\/wp\/v2\/pages\/7593\/revisions\/23239"}],"up":[{"embeddable":true,"href":"https:\/\/mnlr.ro\/en\/wp-json\/wp\/v2\/pages\/87"}],"wp:featuredmedia":[{"embeddable":true,"href":"https:\/\/mnlr.ro\/en\/wp-json\/wp\/v2\/media\/7628"}],"wp:attachment":[{"href":"https:\/\/mnlr.ro\/en\/wp-json\/wp\/v2\/media?parent=7593"}],"curies":[{"name":"wp","href":"https:\/\/api.w.org\/{rel}","templated":true}]}}