{"id":89,"date":"2017-05-26T20:33:09","date_gmt":"2017-05-26T17:33:09","guid":{"rendered":"http:\/\/localhost\/mnlr\/?page_id=89"},"modified":"2026-02-04T15:56:52","modified_gmt":"2026-02-04T13:56:52","slug":"casa-memoriala-tudor-arghezi-martisor","status":"publish","type":"page","link":"https:\/\/mnlr.ro\/en\/case-memoriale\/casa-memoriala-tudor-arghezi-martisor\/","title":{"rendered":"Tudor Arghezi \u2013 M\u0103r\u021bi\u0219or Memorial"},"content":{"rendered":"<p><em>Reservations for groups can be made by phone at 0213325900 or 0731003011, subject to availability. You're welcome!<\/em><\/p>\n<p>Online tickets available here: <a href=\"https:\/\/tudor_arghezi_martisor.booktes.com\">https:\/\/tudor_arghezi_martisor.booktes.com<\/a><\/p>\n<p><strong><a href=\"https:\/\/mnlr.ro\/tur\/arghezi2.html\"><img loading=\"lazy\" decoding=\"async\" class=\"alignnone size-full wp-image-11794\" src=\"https:\/\/mnlr.ro\/wp-content\/uploads\/2020\/03\/veziTurVirtual.png\" alt=\"\" width=\"220\" height=\"38\" \/><\/a><\/strong><\/p>\n<p>&nbsp;<\/p>\n<p class=\"translation-block\">Tudor Arghezi \u2013 M\u0103r\u021bi\u0219or Memorial House is a historically unique space, with its own unique memories. In 1930, the poet and one of the greatest innovators of Romanian poetic language, Tudor Arghezi (1880-1967), moved into house which would be remembered as \u201cM\u0103r\u021bi\u0219or\u201d. According to the writer\u2019s written wishes, the house became a memorial house in the year 1974. The building has a ground level and first floor, 18, discrete rooms, and annex spaces. Visitor\u2019s the memorial house will discover the poet Tudor Arghezi\u2019s furniture of the period, books, works of art, photographs, and original documents. The former print shop Biletelor de papagal now houses volumes, documents, magazines, and images from the family\u2019s history. Today, visitors can also enjoy the documentary Prisaca (1956), by filmmaker Paul Anghel with English subtitles. The M\u0103r\u021bi\u0219or house is particularly renowned for its orchards and its literature workshops, organized by MNLR curators with preschools, schools, families. All visitors are welcome to join by 15 September and 15 June.<\/p>","protected":false},"excerpt":{"rendered":"<p>Rezerv\u0103rile pentru grupuri se fac telefonic, la numerele 0213325900 sau 0731003011 \u00een limita locurilor disponibile. V\u0103 a\u0219tept\u0103m cu drag! Bilete&#8230;<\/p>","protected":false},"author":1,"featured_media":390,"parent":87,"menu_order":0,"comment_status":"closed","ping_status":"closed","template":"template-casa-memoriala.php","meta":{"_exactmetrics_skip_tracking":false,"_exactmetrics_sitenote_active":false,"_exactmetrics_sitenote_note":"","_exactmetrics_sitenote_category":0,"footnotes":""},"class_list":["post-89","page","type-page","status-publish","has-post-thumbnail","hentry"],"_links":{"self":[{"href":"https:\/\/mnlr.ro\/en\/wp-json\/wp\/v2\/pages\/89","targetHints":{"allow":["GET"]}}],"collection":[{"href":"https:\/\/mnlr.ro\/en\/wp-json\/wp\/v2\/pages"}],"about":[{"href":"https:\/\/mnlr.ro\/en\/wp-json\/wp\/v2\/types\/page"}],"author":[{"embeddable":true,"href":"https:\/\/mnlr.ro\/en\/wp-json\/wp\/v2\/users\/1"}],"replies":[{"embeddable":true,"href":"https:\/\/mnlr.ro\/en\/wp-json\/wp\/v2\/comments?post=89"}],"version-history":[{"count":18,"href":"https:\/\/mnlr.ro\/en\/wp-json\/wp\/v2\/pages\/89\/revisions"}],"predecessor-version":[{"id":29543,"href":"https:\/\/mnlr.ro\/en\/wp-json\/wp\/v2\/pages\/89\/revisions\/29543"}],"up":[{"embeddable":true,"href":"https:\/\/mnlr.ro\/en\/wp-json\/wp\/v2\/pages\/87"}],"wp:featuredmedia":[{"embeddable":true,"href":"https:\/\/mnlr.ro\/en\/wp-json\/wp\/v2\/media\/390"}],"wp:attachment":[{"href":"https:\/\/mnlr.ro\/en\/wp-json\/wp\/v2\/media?parent=89"}],"curies":[{"name":"wp","href":"https:\/\/api.w.org\/{rel}","templated":true}]}}