{"id":93,"date":"2017-05-26T20:33:32","date_gmt":"2017-05-26T17:33:32","guid":{"rendered":"http:\/\/localhost\/mnlr\/?page_id=93"},"modified":"2026-02-04T15:58:30","modified_gmt":"2026-02-04T13:58:30","slug":"casa-memoriala-ion-minulescu-claudia-millian","status":"publish","type":"page","link":"https:\/\/mnlr.ro\/en\/case-memoriale\/casa-memoriala-ion-minulescu-claudia-millian\/","title":{"rendered":"Ion Minulescu and Claudia Millian Memorial House"},"content":{"rendered":"<p>Online tickets available here: <a href=\"https:\/\/ion_minulescu_si_claudia_millian.booktes.com\">https:\/\/ion_minulescu_si_claudia_millian.booktes.com<\/a><\/p>\n<p><strong><a href=\"https:\/\/mnlr.ro\/tur\/minulescu2.html\"><img loading=\"lazy\" decoding=\"async\" class=\"alignnone size-full wp-image-11794\" src=\"https:\/\/mnlr.ro\/wp-content\/uploads\/2020\/03\/veziTurVirtual.png\" alt=\"\" width=\"220\" height=\"38\" \/><\/a><\/strong><\/p>\n<p>The apartment which now contains <strong>Ion Minulescu and Claudia Millian Memorial House<\/strong> was acquired by the Minulescu family in 1934. In 1991, Mioara Lauren\u021bia Minulescu, daughter to the artist and poet Ion Minulescu (1881-1944), left the apartment and the heritage it contained to the National Museum of Romanian Literature. The collection inside Ion Minulescu\u2019s apartment includes literary texts, letters, manuscripts, original photographs, and an impressive collection of paintings and sculptures. The art collection contains pieces by Alexandru Ciucurencu, Margareta Sterian, Henri Catargi, Iosif Iser, Victor Brauner, Camil Ressu, Lucian Grigorescu, Cecilia Cu\u021bescu Storck, M. H. Maxy, Al. Satmari, Oscar Han, as well as works by Claudia Millian (1887-1961), the poet\u2019s wife.<\/p>","protected":false},"excerpt":{"rendered":"<p>Bilete on-line disponibile aici: https:\/\/ion_minulescu_si_claudia_millian.booktes.com Apartamentul \u00een care se afl\u0103 \u00een prezent Casa memorial\u0103 \u201eIon Minulescu \u0219i Claudia Millian\u201d a&#8230;<\/p>","protected":false},"author":1,"featured_media":423,"parent":87,"menu_order":0,"comment_status":"closed","ping_status":"closed","template":"template-casa-memoriala.php","meta":{"_exactmetrics_skip_tracking":false,"_exactmetrics_sitenote_active":false,"_exactmetrics_sitenote_note":"","_exactmetrics_sitenote_category":0,"footnotes":""},"class_list":["post-93","page","type-page","status-publish","has-post-thumbnail","hentry"],"_links":{"self":[{"href":"https:\/\/mnlr.ro\/en\/wp-json\/wp\/v2\/pages\/93","targetHints":{"allow":["GET"]}}],"collection":[{"href":"https:\/\/mnlr.ro\/en\/wp-json\/wp\/v2\/pages"}],"about":[{"href":"https:\/\/mnlr.ro\/en\/wp-json\/wp\/v2\/types\/page"}],"author":[{"embeddable":true,"href":"https:\/\/mnlr.ro\/en\/wp-json\/wp\/v2\/users\/1"}],"replies":[{"embeddable":true,"href":"https:\/\/mnlr.ro\/en\/wp-json\/wp\/v2\/comments?post=93"}],"version-history":[{"count":14,"href":"https:\/\/mnlr.ro\/en\/wp-json\/wp\/v2\/pages\/93\/revisions"}],"predecessor-version":[{"id":18017,"href":"https:\/\/mnlr.ro\/en\/wp-json\/wp\/v2\/pages\/93\/revisions\/18017"}],"up":[{"embeddable":true,"href":"https:\/\/mnlr.ro\/en\/wp-json\/wp\/v2\/pages\/87"}],"wp:featuredmedia":[{"embeddable":true,"href":"https:\/\/mnlr.ro\/en\/wp-json\/wp\/v2\/media\/423"}],"wp:attachment":[{"href":"https:\/\/mnlr.ro\/en\/wp-json\/wp\/v2\/media?parent=93"}],"curies":[{"name":"wp","href":"https:\/\/api.w.org\/{rel}","templated":true}]}}